{"id":922,"date":"2024-05-08T13:02:23","date_gmt":"2024-05-08T11:02:23","guid":{"rendered":"https:\/\/massagestudioheaven.at\/?page_id=922"},"modified":"2025-12-01T12:11:11","modified_gmt":"2025-12-01T11:11:11","slug":"ambience","status":"publish","type":"page","link":"https:\/\/massagestudioheaven.at\/en\/ambiente\/","title":{"rendered":"AMBIENCE"},"content":{"rendered":"<div data-elementor-type=\"wp-page\" data-elementor-id=\"922\" class=\"elementor elementor-922\" data-elementor-post-type=\"page\">\n\t\t\t\t<div class=\"elementor-element elementor-element-a354a10 e-flex e-con-boxed e-con e-parent\" data-id=\"a354a10\" data-element_type=\"container\" data-e-type=\"container\" data-settings=\"{&quot;background_background&quot;:&quot;classic&quot;}\">\n\t\t\t\t\t<div class=\"e-con-inner\">\n\t\t\t\t<div class=\"elementor-element elementor-element-08f5123 animated-slow elementor-invisible elementor-widget elementor-widget-heading\" data-id=\"08f5123\" data-element_type=\"widget\" data-e-type=\"widget\" data-settings=\"{&quot;_animation&quot;:&quot;fadeInDown&quot;}\" data-widget_type=\"heading.default\">\n\t\t\t\t<div class=\"elementor-widget-container\">\n\t\t\t\t\t<h2 class=\"elementor-heading-title elementor-size-default\">AMBIENCE <\/h2>\t\t\t\t<\/div>\n\t\t\t\t<\/div>\n\t\t\t\t\t<\/div>\n\t\t\t\t<\/div>\n\t\t<div class=\"elementor-element elementor-element-da81330 e-flex e-con-boxed e-con e-parent\" data-id=\"da81330\" data-element_type=\"container\" data-e-type=\"container\">\n\t\t\t\t\t<div class=\"e-con-inner\">\n\t\t<div class=\"elementor-element elementor-element-5b319a5 e-con-full e-flex e-con e-child\" data-id=\"5b319a5\" data-element_type=\"container\" data-e-type=\"container\">\n\t\t\t\t<div class=\"elementor-element elementor-element-3d7bcc0 elementor-widget elementor-widget-heading\" data-id=\"3d7bcc0\" data-element_type=\"widget\" data-e-type=\"widget\" data-widget_type=\"heading.default\">\n\t\t\t\t<div class=\"elementor-widget-container\">\n\t\t\t\t\t<h2 class=\"elementor-heading-title elementor-size-default\">Enjoy the private and personal atmosphere!<\/h2>\t\t\t\t<\/div>\n\t\t\t\t<\/div>\n\t\t\t\t<div class=\"elementor-element elementor-element-706694d elementor-widget elementor-widget-text-editor\" data-id=\"706694d\" data-element_type=\"widget\" data-e-type=\"widget\" data-widget_type=\"text-editor.default\">\n\t\t\t\t<div class=\"elementor-widget-container\">\n\t\t\t\t\t\t\t\t\t<p>We warmly welcome you to Massage Studio HEAVEN, where we enjoy a reputation as a serious, discreet and very well-maintained studio where you will be met with style.<\/p><p>Each room is a little different, but all furnished with great attention to detail and taste.<\/p>\t\t\t\t\t\t\t\t<\/div>\n\t\t\t\t<\/div>\n\t\t\t\t<\/div>\n\t\t\t\t\t<\/div>\n\t\t\t\t<\/div>\n\t\t<div class=\"elementor-element elementor-element-5c0589e e-flex e-con-boxed e-con e-parent\" data-id=\"5c0589e\" data-element_type=\"container\" data-e-type=\"container\">\n\t\t\t\t\t<div class=\"e-con-inner\">\n\t\t\t\t<div class=\"elementor-element elementor-element-337fe6f elementor-widget__width-initial elementor-skin-carousel elementor-arrows-yes elementor-pagination-type-bullets elementor-pagination-position-outside elementor-widget elementor-widget-media-carousel\" data-id=\"337fe6f\" data-element_type=\"widget\" data-e-type=\"widget\" data-settings=\"{&quot;space_between&quot;:{&quot;unit&quot;:&quot;px&quot;,&quot;size&quot;:50,&quot;sizes&quot;:[]},&quot;effect&quot;:&quot;cube&quot;,&quot;skin&quot;:&quot;carousel&quot;,&quot;show_arrows&quot;:&quot;yes&quot;,&quot;pagination&quot;:&quot;bullets&quot;,&quot;speed&quot;:500,&quot;autoplay&quot;:&quot;yes&quot;,&quot;autoplay_speed&quot;:5000,&quot;loop&quot;:&quot;yes&quot;,&quot;pause_on_hover&quot;:&quot;yes&quot;,&quot;pause_on_interaction&quot;:&quot;yes&quot;,&quot;space_between_tablet&quot;:{&quot;unit&quot;:&quot;px&quot;,&quot;size&quot;:10,&quot;sizes&quot;:[]},&quot;space_between_mobile&quot;:{&quot;unit&quot;:&quot;px&quot;,&quot;size&quot;:10,&quot;sizes&quot;:[]}}\" data-widget_type=\"media-carousel.default\">\n\t\t\t\t<div class=\"elementor-widget-container\">\n\t\t\t\t\t\t\t\t\t<div class=\"elementor-swiper\">\n\t\t\t\t\t<div class=\"elementor-main-swiper swiper\" role=\"region\" aria-roledescription=\"carousel\" aria-label=\"Di\u00e1k\">\n\t\t\t\t<div class=\"swiper-wrapper\">\n\t\t\t\t\t\t\t\t\t\t\t<div class=\"swiper-slide\" role=\"group\" aria-roledescription=\"slide\">\n\t\t\t\t\t\t\t\t\t<div class=\"elementor-carousel-image\" role=\"img\" aria-label=\"Massage parlour\" style=\"background-image: url(&#039;https:\/\/massagestudioheaven.at\/wp-content\/uploads\/2025\/09\/1000022299.jpg&#039;)\">\n\n\t\t\t\n\t\t\t\t\t<\/div>\n\t\t\t\t\t\t\t\t<\/div>\n\t\t\t\t\t\t\t\t\t\t\t<div class=\"swiper-slide\" role=\"group\" aria-roledescription=\"slide\">\n\t\t\t\t\t\t\t\t\t<div class=\"elementor-carousel-image\" role=\"img\" aria-label=\"room_11\" style=\"background-image: url(&#039;https:\/\/massagestudioheaven.at\/wp-content\/uploads\/2024\/06\/jo11-scaled.jpg&#039;)\">\n\n\t\t\t\n\t\t\t\t\t<\/div>\n\t\t\t\t\t\t\t\t<\/div>\n\t\t\t\t\t\t\t\t\t\t\t<div class=\"swiper-slide\" role=\"group\" aria-roledescription=\"slide\">\n\t\t\t\t\t\t\t\t\t<div class=\"elementor-carousel-image\" role=\"img\" aria-label=\"Massage room\" style=\"background-image: url(&#039;https:\/\/massagestudioheaven.at\/wp-content\/uploads\/2025\/09\/1000022301.jpg&#039;)\">\n\n\t\t\t\n\t\t\t\t\t<\/div>\n\t\t\t\t\t\t\t\t<\/div>\n\t\t\t\t\t\t\t\t\t\t\t<div class=\"swiper-slide\" role=\"group\" aria-roledescription=\"slide\">\n\t\t\t\t\t\t\t\t\t<div class=\"elementor-carousel-image\" role=\"img\" aria-label=\"room_6\" style=\"background-image: url(&#039;https:\/\/massagestudioheaven.at\/wp-content\/uploads\/2024\/06\/jo6-scaled.jpg&#039;)\">\n\n\t\t\t\n\t\t\t\t\t<\/div>\n\t\t\t\t\t\t\t\t<\/div>\n\t\t\t\t\t\t\t\t\t\t\t<div class=\"swiper-slide\" role=\"group\" aria-roledescription=\"slide\">\n\t\t\t\t\t\t\t\t\t<div class=\"elementor-carousel-image\" role=\"img\" aria-label=\"1000022297\" style=\"background-image: url(&#039;https:\/\/massagestudioheaven.at\/wp-content\/uploads\/2025\/09\/1000022297.jpg&#039;)\">\n\n\t\t\t\n\t\t\t\t\t<\/div>\n\t\t\t\t\t\t\t\t<\/div>\n\t\t\t\t\t\t\t\t\t\t\t<div class=\"swiper-slide\" role=\"group\" aria-roledescription=\"slide\">\n\t\t\t\t\t\t\t\t\t<div class=\"elementor-carousel-image\" role=\"img\" aria-label=\"Room\" style=\"background-image: url(&#039;https:\/\/massagestudioheaven.at\/wp-content\/uploads\/2025\/09\/1000022303.jpg&#039;)\">\n\n\t\t\t\n\t\t\t\t\t<\/div>\n\t\t\t\t\t\t\t\t<\/div>\n\t\t\t\t\t\t\t\t\t\t\t<div class=\"swiper-slide\" role=\"group\" aria-roledescription=\"slide\">\n\t\t\t\t\t\t\t\t\t<div class=\"elementor-carousel-image\" role=\"img\" aria-label=\"Bathroom\" style=\"background-image: url(&#039;https:\/\/massagestudioheaven.at\/wp-content\/uploads\/2025\/07\/IMG_20250715_104647-scaled.jpg&#039;)\">\n\n\t\t\t\n\t\t\t\t\t<\/div>\n\t\t\t\t\t\t\t\t<\/div>\n\t\t\t\t\t\t\t\t\t\t\t<div class=\"swiper-slide\" role=\"group\" aria-roledescription=\"slide\">\n\t\t\t\t\t\t\t\t\t<div class=\"elementor-carousel-image\" role=\"img\" aria-label=\"71825c8a-27b2-4b92-a000-d0e4d512f7ac\" style=\"background-image: url(&#039;https:\/\/massagestudioheaven.at\/wp-content\/uploads\/2024\/08\/71825c8a-27b2-4b92-a000-d0e4d512f7ac.jpg&#039;)\">\n\n\t\t\t\n\t\t\t\t\t<\/div>\n\t\t\t\t\t\t\t\t<\/div>\n\t\t\t\t\t\t\t\t\t\t\t<div class=\"swiper-slide\" role=\"group\" aria-roledescription=\"slide\">\n\t\t\t\t\t\t\t\t\t<div class=\"elementor-carousel-image\" role=\"img\" aria-label=\"c08eb400-2909-4ae4-9fe3-d728106c6e0f\" style=\"background-image: url(&#039;https:\/\/massagestudioheaven.at\/wp-content\/uploads\/2024\/08\/c08eb400-2909-4ae4-9fe3-d728106c6e0f.jpg&#039;)\">\n\n\t\t\t\n\t\t\t\t\t<\/div>\n\t\t\t\t\t\t\t\t<\/div>\n\t\t\t\t\t\t\t\t\t\t\t<div class=\"swiper-slide\" role=\"group\" aria-roledescription=\"slide\">\n\t\t\t\t\t\t\t\t\t<div class=\"elementor-carousel-image\" role=\"img\" aria-label=\"37ed83c9-8027-4014-8f59-69e039424ebb\" style=\"background-image: url(&#039;https:\/\/massagestudioheaven.at\/wp-content\/uploads\/2024\/08\/37ed83c9-8027-4014-8f59-69e039424ebb.jpg&#039;)\">\n\n\t\t\t\n\t\t\t\t\t<\/div>\n\t\t\t\t\t\t\t\t<\/div>\n\t\t\t\t\t\t\t\t\t<\/div>\n\t\t\t\t\t\t\t\t\t\t\t\t\t\t\t<div class=\"elementor-swiper-button elementor-swiper-button-prev\" role=\"button\" tabindex=\"0\" aria-label=\"Previous\">\n\t\t\t\t\t\t\t<svg aria-hidden=\"true\" class=\"e-font-icon-svg e-eicon-chevron-left\" viewbox=\"0 0 1000 1000\" xmlns=\"http:\/\/www.w3.org\/2000\/svg\"><path d=\"M646 125C629 125 613 133 604 142L308 442C296 454 292 471 292 487 292 504 296 521 308 533L604 854C617 867 629 875 646 875 663 875 679 871 692 858 704 846 713 829 713 812 713 796 708 779 692 767L438 487 692 225C700 217 708 204 708 187 708 171 704 154 692 142 675 129 663 125 646 125Z\"><\/path><\/svg>\t\t\t\t\t\t<\/div>\n\t\t\t\t\t\t<div class=\"elementor-swiper-button elementor-swiper-button-next\" role=\"button\" tabindex=\"0\" aria-label=\"Further\">\n\t\t\t\t\t\t\t<svg aria-hidden=\"true\" class=\"e-font-icon-svg e-eicon-chevron-right\" viewbox=\"0 0 1000 1000\" xmlns=\"http:\/\/www.w3.org\/2000\/svg\"><path d=\"M696 533C708 521 713 504 713 487 713 471 708 454 696 446L400 146C388 133 375 125 354 125 338 125 325 129 313 142 300 154 292 171 292 187 292 204 296 221 308 233L563 492 304 771C292 783 288 800 288 817 288 833 296 850 308 863 321 871 338 875 354 875 371 875 388 867 400 854L696 533Z\"><\/path><\/svg>\t\t\t\t\t\t<\/div>\n\t\t\t\t\t\t\t\t\t\t\t\t\t\t\t\t<div class=\"swiper-pagination\"><\/div>\n\t\t\t\t\t\t\t\t\t\t\t\t<\/div>\n\t\t\t\t<\/div>\n\t\t\t\t\t\t\t\t<\/div>\n\t\t\t\t<\/div>\n\t\t\t\t\t<\/div>\n\t\t\t\t<\/div>\n\t\t\t\t<\/div>","protected":false},"excerpt":{"rendered":"<p>AMBIENTE Enjoy the private and personal flair! We warmly welcome you to Massage Studio HEAVEN, where we enjoy a reputation as a serious, discreet and very well-maintained studio where you will encounter style. Each room is a little different, but all furnished with great attention to detail and taste.<\/p>","protected":false},"author":1,"featured_media":0,"parent":0,"menu_order":0,"comment_status":"closed","ping_status":"closed","template":"","meta":{"site-sidebar-layout":"no-sidebar","site-content-layout":"","ast-site-content-layout":"full-width-container","site-content-style":"default","site-sidebar-style":"default","ast-global-header-display":"","ast-banner-title-visibility":"","ast-main-header-display":"","ast-hfb-above-header-display":"","ast-hfb-below-header-display":"","ast-hfb-mobile-header-display":"","site-post-title":"disabled","ast-breadcrumbs-content":"","ast-featured-img":"disabled","footer-sml-layout":"","ast-disable-related-posts":"","theme-transparent-header-meta":"","adv-header-id-meta":"","stick-header-meta":"","header-above-stick-meta":"","header-main-stick-meta":"","header-below-stick-meta":"","astra-migrate-meta-layouts":"default","ast-page-background-enabled":"default","ast-page-background-meta":{"desktop":{"background-color":"var(--ast-global-color-4)","background-image":"","background-repeat":"repeat","background-position":"center center","background-size":"auto","background-attachment":"scroll","background-type":"","background-media":"","overlay-type":"","overlay-color":"","overlay-opacity":"","overlay-gradient":""},"tablet":{"background-color":"","background-image":"","background-repeat":"repeat","background-position":"center center","background-size":"auto","background-attachment":"scroll","background-type":"","background-media":"","overlay-type":"","overlay-color":"","overlay-opacity":"","overlay-gradient":""},"mobile":{"background-color":"","background-image":"","background-repeat":"repeat","background-position":"center center","background-size":"auto","background-attachment":"scroll","background-type":"","background-media":"","overlay-type":"","overlay-color":"","overlay-opacity":"","overlay-gradient":""}},"ast-content-background-meta":{"desktop":{"background-color":"var(--ast-global-color-5)","background-image":"","background-repeat":"repeat","background-position":"center center","background-size":"auto","background-attachment":"scroll","background-type":"","background-media":"","overlay-type":"","overlay-color":"","overlay-opacity":"","overlay-gradient":""},"tablet":{"background-color":"var(--ast-global-color-5)","background-image":"","background-repeat":"repeat","background-position":"center center","background-size":"auto","background-attachment":"scroll","background-type":"","background-media":"","overlay-type":"","overlay-color":"","overlay-opacity":"","overlay-gradient":""},"mobile":{"background-color":"var(--ast-global-color-5)","background-image":"","background-repeat":"repeat","background-position":"center center","background-size":"auto","background-attachment":"scroll","background-type":"","background-media":"","overlay-type":"","overlay-color":"","overlay-opacity":"","overlay-gradient":""}},"footnotes":""},"class_list":["post-922","page","type-page","status-publish","hentry"],"yoast_head":"<!-- This site is optimized with the Yoast SEO plugin v26.8 - https:\/\/yoast.com\/product\/yoast-seo-wordpress\/ -->\n<title>AMBIENTE &#187; Massage Studio Heaven Linz\/Pasching<\/title>\n<meta name=\"robots\" content=\"index, follow, max-snippet:-1, max-image-preview:large, max-video-preview:-1\" \/>\n<link rel=\"canonical\" href=\"https:\/\/massagestudioheaven.at\/en\/ambience\/\" \/>\n<meta property=\"og:locale\" content=\"en_GB\" \/>\n<meta property=\"og:type\" content=\"article\" \/>\n<meta property=\"og:title\" content=\"AMBIENTE &#187; Massage Studio Heaven Linz\/Pasching\" \/>\n<meta property=\"og:description\" content=\"AMBIENTE Genie\u00dfe das private und pers\u00f6nliche Flair! Wir begr\u00fc\u00dfen Sie herzlichst im Massage Studio HEAVEN. Wir genie\u00dfen den Ruf als seri\u00f6ses, diskretes und sehr gepflegtes Studio, in dem Sie Stil begegnet.. Jedes Zimmer ein bisschen anders, doch alle mit viel Liebe zum Detail und Geschmack eingerichtet.\" \/>\n<meta property=\"og:url\" content=\"https:\/\/massagestudioheaven.at\/en\/ambience\/\" \/>\n<meta property=\"og:site_name\" content=\"Massage Studio Heaven Linz\/Pasching\" \/>\n<meta property=\"article:modified_time\" content=\"2025-12-01T11:11:11+00:00\" \/>\n<meta name=\"twitter:card\" content=\"summary_large_image\" \/>\n<meta name=\"twitter:label1\" content=\"Estimated reading time\" \/>\n\t<meta name=\"twitter:data1\" content=\"1 minute\" \/>\n<script type=\"application\/ld+json\" class=\"yoast-schema-graph\">{\"@context\":\"https:\/\/schema.org\",\"@graph\":[{\"@type\":\"WebPage\",\"@id\":\"https:\/\/massagestudioheaven.at\/ambiente\/\",\"url\":\"https:\/\/massagestudioheaven.at\/ambiente\/\",\"name\":\"AMBIENTE &#187; Massage Studio Heaven Linz\/Pasching\",\"isPartOf\":{\"@id\":\"https:\/\/massagestudioheaven.at\/#website\"},\"datePublished\":\"2024-05-08T11:02:23+00:00\",\"dateModified\":\"2025-12-01T11:11:11+00:00\",\"breadcrumb\":{\"@id\":\"https:\/\/massagestudioheaven.at\/ambiente\/#breadcrumb\"},\"inLanguage\":\"en-GB\",\"potentialAction\":[{\"@type\":\"ReadAction\",\"target\":[\"https:\/\/massagestudioheaven.at\/ambiente\/\"]}]},{\"@type\":\"BreadcrumbList\",\"@id\":\"https:\/\/massagestudioheaven.at\/ambiente\/#breadcrumb\",\"itemListElement\":[{\"@type\":\"ListItem\",\"position\":1,\"name\":\"Kezd\u0151lap\",\"item\":\"https:\/\/massagestudioheaven.at\/\"},{\"@type\":\"ListItem\",\"position\":2,\"name\":\"AMBIENTE\"}]},{\"@type\":\"WebSite\",\"@id\":\"https:\/\/massagestudioheaven.at\/#website\",\"url\":\"https:\/\/massagestudioheaven.at\/\",\"name\":\"Massage Studio Heaven Linz\/Pasching\",\"description\":\"Erotische Massage, Linz\/Pasching\",\"potentialAction\":[{\"@type\":\"SearchAction\",\"target\":{\"@type\":\"EntryPoint\",\"urlTemplate\":\"https:\/\/massagestudioheaven.at\/?s={search_term_string}\"},\"query-input\":{\"@type\":\"PropertyValueSpecification\",\"valueRequired\":true,\"valueName\":\"search_term_string\"}}],\"inLanguage\":\"en-GB\"}]}<\/script>\n<!-- \/ Yoast SEO plugin. -->","yoast_head_json":{"title":"AMBIENTE \" Massage Studio Heaven Linz\/Pasching","robots":{"index":"index","follow":"follow","max-snippet":"max-snippet:-1","max-image-preview":"max-image-preview:large","max-video-preview":"max-video-preview:-1"},"canonical":"https:\/\/massagestudioheaven.at\/en\/ambience\/","og_locale":"en_GB","og_type":"article","og_title":"AMBIENTE &#187; Massage Studio Heaven Linz\/Pasching","og_description":"AMBIENTE Genie\u00dfe das private und pers\u00f6nliche Flair! Wir begr\u00fc\u00dfen Sie herzlichst im Massage Studio HEAVEN. Wir genie\u00dfen den Ruf als seri\u00f6ses, diskretes und sehr gepflegtes Studio, in dem Sie Stil begegnet.. Jedes Zimmer ein bisschen anders, doch alle mit viel Liebe zum Detail und Geschmack eingerichtet.","og_url":"https:\/\/massagestudioheaven.at\/en\/ambience\/","og_site_name":"Massage Studio Heaven Linz\/Pasching","article_modified_time":"2025-12-01T11:11:11+00:00","twitter_card":"summary_large_image","twitter_misc":{"Estimated reading time":"1 minute"},"schema":{"@context":"https:\/\/schema.org","@graph":[{"@type":"WebPage","@id":"https:\/\/massagestudioheaven.at\/ambiente\/","url":"https:\/\/massagestudioheaven.at\/ambiente\/","name":"AMBIENTE \" Massage Studio Heaven Linz\/Pasching","isPartOf":{"@id":"https:\/\/massagestudioheaven.at\/#website"},"datePublished":"2024-05-08T11:02:23+00:00","dateModified":"2025-12-01T11:11:11+00:00","breadcrumb":{"@id":"https:\/\/massagestudioheaven.at\/ambiente\/#breadcrumb"},"inLanguage":"en-GB","potentialAction":[{"@type":"ReadAction","target":["https:\/\/massagestudioheaven.at\/ambiente\/"]}]},{"@type":"BreadcrumbList","@id":"https:\/\/massagestudioheaven.at\/ambiente\/#breadcrumb","itemListElement":[{"@type":"ListItem","position":1,"name":"Kezd\u0151lap","item":"https:\/\/massagestudioheaven.at\/"},{"@type":"ListItem","position":2,"name":"AMBIENTE"}]},{"@type":"WebSite","@id":"https:\/\/massagestudioheaven.at\/#website","url":"https:\/\/massagestudioheaven.at\/","name":"Massage Studio Heaven Linz\/Pasching","description":"Erotic massage, Linz\/Pasching","potentialAction":[{"@type":"SearchAction","target":{"@type":"EntryPoint","urlTemplate":"https:\/\/massagestudioheaven.at\/?s={search_term_string}"},"query-input":{"@type":"PropertyValueSpecification","valueRequired":true,"valueName":"search_term_string"}}],"inLanguage":"en-GB"}]}},"_links":{"self":[{"href":"https:\/\/massagestudioheaven.at\/en\/wp-json\/wp\/v2\/pages\/922","targetHints":{"allow":["GET"]}}],"collection":[{"href":"https:\/\/massagestudioheaven.at\/en\/wp-json\/wp\/v2\/pages"}],"about":[{"href":"https:\/\/massagestudioheaven.at\/en\/wp-json\/wp\/v2\/types\/page"}],"author":[{"embeddable":true,"href":"https:\/\/massagestudioheaven.at\/en\/wp-json\/wp\/v2\/users\/1"}],"replies":[{"embeddable":true,"href":"https:\/\/massagestudioheaven.at\/en\/wp-json\/wp\/v2\/comments?post=922"}],"version-history":[{"count":181,"href":"https:\/\/massagestudioheaven.at\/en\/wp-json\/wp\/v2\/pages\/922\/revisions"}],"predecessor-version":[{"id":5738,"href":"https:\/\/massagestudioheaven.at\/en\/wp-json\/wp\/v2\/pages\/922\/revisions\/5738"}],"wp:attachment":[{"href":"https:\/\/massagestudioheaven.at\/en\/wp-json\/wp\/v2\/media?parent=922"}],"curies":[{"name":"wp","href":"https:\/\/api.w.org\/{rel}","templated":true}]}}